{"id":72,"date":"2021-11-10T16:03:33","date_gmt":"2021-11-10T15:03:33","guid":{"rendered":"http:\/\/lukas-macbook-pro.local\/wordpress\/wape-jets\/?page_id=72"},"modified":"2022-01-17T13:30:15","modified_gmt":"2022-01-17T13:30:15","slug":"faq","status":"publish","type":"page","link":"https:\/\/wape-jets.boost.codes\/cs\/faq\/","title":{"rendered":"Odpov\u011bdi na va\u0161e dotazy"},"content":{"rendered":"","protected":false},"excerpt":{"rendered":"","protected":false},"author":1,"featured_media":0,"parent":0,"menu_order":0,"comment_status":"closed","ping_status":"closed","template":"page-templates\/faq.php","meta":{"footnotes":""},"class_list":["post-72","page","type-page","status-publish","hentry"],"yoast_head":"<!-- This site is optimized with the Yoast SEO plugin v18.1 - https:\/\/yoast.com\/wordpress\/plugins\/seo\/ -->\n<title>Odpov\u011bdi na va\u0161e dotazy - WAPE JETS<\/title>\n<meta name=\"description\" content=\"Zde naleznete odpov\u011bdi na nej\u010dast\u011bj\u0161\u00ed dotazy.\" \/>\n<meta name=\"robots\" content=\"noindex, follow, max-snippet:-1, max-image-preview:large, max-video-preview:-1\" \/>\n<meta property=\"og:locale\" content=\"cs_CZ\" \/>\n<meta property=\"og:type\" content=\"article\" \/>\n<meta property=\"og:title\" content=\"Odpov\u011bdi na va\u0161e dotazy - WAPE JETS\" \/>\n<meta property=\"og:description\" content=\"Zde naleznete odpov\u011bdi na nej\u010dast\u011bj\u0161\u00ed dotazy.\" \/>\n<meta property=\"og:url\" content=\"https:\/\/wape-jets.boost.codes\/cs\/faq\/\" \/>\n<meta property=\"og:site_name\" content=\"WAPE JETS\" \/>\n<meta property=\"article:modified_time\" content=\"2022-01-17T13:30:15+00:00\" \/>\n<meta name=\"twitter:card\" content=\"summary_large_image\" \/>\n<script type=\"application\/ld+json\" class=\"yoast-schema-graph\">{\"@context\":\"https:\/\/schema.org\",\"@graph\":[{\"@type\":\"Organization\",\"@id\":\"https:\/\/wape-jets.boost.codes\/#organization\",\"name\":\"WAPE JETS\",\"url\":\"https:\/\/wape-jets.boost.codes\/\",\"sameAs\":[],\"logo\":{\"@type\":\"ImageObject\",\"@id\":\"https:\/\/wape-jets.boost.codes\/#logo\",\"inLanguage\":\"cs\",\"url\":\"https:\/\/wape-jets.boost.codes\/wp-content\/uploads\/2022\/01\/wapejets_logo_web_2.jpg\",\"contentUrl\":\"https:\/\/wape-jets.boost.codes\/wp-content\/uploads\/2022\/01\/wapejets_logo_web_2.jpg\",\"width\":1500,\"height\":1000,\"caption\":\"WAPE JETS\"},\"image\":{\"@id\":\"https:\/\/wape-jets.boost.codes\/#logo\"}},{\"@type\":\"WebSite\",\"@id\":\"https:\/\/wape-jets.boost.codes\/#website\",\"url\":\"https:\/\/wape-jets.boost.codes\/\",\"name\":\"WAPE JETS\",\"description\":\"Welcome to the world, where aircraft waits for you.\",\"publisher\":{\"@id\":\"https:\/\/wape-jets.boost.codes\/#organization\"},\"potentialAction\":[{\"@type\":\"SearchAction\",\"target\":{\"@type\":\"EntryPoint\",\"urlTemplate\":\"https:\/\/wape-jets.boost.codes\/?s={search_term_string}\"},\"query-input\":\"required name=search_term_string\"}],\"inLanguage\":\"cs\"},{\"@type\":\"WebPage\",\"@id\":\"https:\/\/wape-jets.boost.codes\/cs\/faq\/#webpage\",\"url\":\"https:\/\/wape-jets.boost.codes\/cs\/faq\/\",\"name\":\"Odpov\u011bdi na va\u0161e dotazy - WAPE JETS\",\"isPartOf\":{\"@id\":\"https:\/\/wape-jets.boost.codes\/#website\"},\"datePublished\":\"2021-11-10T15:03:33+00:00\",\"dateModified\":\"2022-01-17T13:30:15+00:00\",\"description\":\"Zde naleznete odpov\u011bdi na nej\u010dast\u011bj\u0161\u00ed dotazy.\",\"breadcrumb\":{\"@id\":\"https:\/\/wape-jets.boost.codes\/cs\/faq\/#breadcrumb\"},\"inLanguage\":\"cs\",\"potentialAction\":[{\"@type\":\"ReadAction\",\"target\":[\"https:\/\/wape-jets.boost.codes\/cs\/faq\/\"]}]},{\"@type\":\"BreadcrumbList\",\"@id\":\"https:\/\/wape-jets.boost.codes\/cs\/faq\/#breadcrumb\",\"itemListElement\":[{\"@type\":\"ListItem\",\"position\":1,\"name\":\"Home\",\"item\":\"https:\/\/wape-jets.boost.codes\/cs\/domu\/\"},{\"@type\":\"ListItem\",\"position\":2,\"name\":\"Odpov\u011bdi na va\u0161e dotazy\"}]}]}<\/script>\n<!-- \/ Yoast SEO plugin. -->","yoast_head_json":{"title":"Odpov\u011bdi na va\u0161e dotazy - WAPE JETS","description":"Zde naleznete odpov\u011bdi na nej\u010dast\u011bj\u0161\u00ed dotazy.","robots":{"index":"noindex","follow":"follow","max-snippet":"max-snippet:-1","max-image-preview":"max-image-preview:large","max-video-preview":"max-video-preview:-1"},"og_locale":"cs_CZ","og_type":"article","og_title":"Odpov\u011bdi na va\u0161e dotazy - WAPE JETS","og_description":"Zde naleznete odpov\u011bdi na nej\u010dast\u011bj\u0161\u00ed dotazy.","og_url":"https:\/\/wape-jets.boost.codes\/cs\/faq\/","og_site_name":"WAPE JETS","article_modified_time":"2022-01-17T13:30:15+00:00","twitter_card":"summary_large_image","schema":{"@context":"https:\/\/schema.org","@graph":[{"@type":"Organization","@id":"https:\/\/wape-jets.boost.codes\/#organization","name":"WAPE JETS","url":"https:\/\/wape-jets.boost.codes\/","sameAs":[],"logo":{"@type":"ImageObject","@id":"https:\/\/wape-jets.boost.codes\/#logo","inLanguage":"cs","url":"https:\/\/wape-jets.boost.codes\/wp-content\/uploads\/2022\/01\/wapejets_logo_web_2.jpg","contentUrl":"https:\/\/wape-jets.boost.codes\/wp-content\/uploads\/2022\/01\/wapejets_logo_web_2.jpg","width":1500,"height":1000,"caption":"WAPE JETS"},"image":{"@id":"https:\/\/wape-jets.boost.codes\/#logo"}},{"@type":"WebSite","@id":"https:\/\/wape-jets.boost.codes\/#website","url":"https:\/\/wape-jets.boost.codes\/","name":"WAPE JETS","description":"Welcome to the world, where aircraft waits for you.","publisher":{"@id":"https:\/\/wape-jets.boost.codes\/#organization"},"potentialAction":[{"@type":"SearchAction","target":{"@type":"EntryPoint","urlTemplate":"https:\/\/wape-jets.boost.codes\/?s={search_term_string}"},"query-input":"required name=search_term_string"}],"inLanguage":"cs"},{"@type":"WebPage","@id":"https:\/\/wape-jets.boost.codes\/cs\/faq\/#webpage","url":"https:\/\/wape-jets.boost.codes\/cs\/faq\/","name":"Odpov\u011bdi na va\u0161e dotazy - WAPE JETS","isPartOf":{"@id":"https:\/\/wape-jets.boost.codes\/#website"},"datePublished":"2021-11-10T15:03:33+00:00","dateModified":"2022-01-17T13:30:15+00:00","description":"Zde naleznete odpov\u011bdi na nej\u010dast\u011bj\u0161\u00ed dotazy.","breadcrumb":{"@id":"https:\/\/wape-jets.boost.codes\/cs\/faq\/#breadcrumb"},"inLanguage":"cs","potentialAction":[{"@type":"ReadAction","target":["https:\/\/wape-jets.boost.codes\/cs\/faq\/"]}]},{"@type":"BreadcrumbList","@id":"https:\/\/wape-jets.boost.codes\/cs\/faq\/#breadcrumb","itemListElement":[{"@type":"ListItem","position":1,"name":"Home","item":"https:\/\/wape-jets.boost.codes\/cs\/domu\/"},{"@type":"ListItem","position":2,"name":"Odpov\u011bdi na va\u0161e dotazy"}]}]}},"_links":{"self":[{"href":"https:\/\/wape-jets.boost.codes\/cs\/wp-json\/wp\/v2\/pages\/72","targetHints":{"allow":["GET"]}}],"collection":[{"href":"https:\/\/wape-jets.boost.codes\/cs\/wp-json\/wp\/v2\/pages"}],"about":[{"href":"https:\/\/wape-jets.boost.codes\/cs\/wp-json\/wp\/v2\/types\/page"}],"author":[{"embeddable":true,"href":"https:\/\/wape-jets.boost.codes\/cs\/wp-json\/wp\/v2\/users\/1"}],"replies":[{"embeddable":true,"href":"https:\/\/wape-jets.boost.codes\/cs\/wp-json\/wp\/v2\/comments?post=72"}],"version-history":[{"count":2,"href":"https:\/\/wape-jets.boost.codes\/cs\/wp-json\/wp\/v2\/pages\/72\/revisions"}],"predecessor-version":[{"id":318,"href":"https:\/\/wape-jets.boost.codes\/cs\/wp-json\/wp\/v2\/pages\/72\/revisions\/318"}],"wp:attachment":[{"href":"https:\/\/wape-jets.boost.codes\/cs\/wp-json\/wp\/v2\/media?parent=72"}],"curies":[{"name":"wp","href":"https:\/\/api.w.org\/{rel}","templated":true}]}}