{"id":294,"date":"2022-01-13T11:21:13","date_gmt":"2022-01-13T11:21:13","guid":{"rendered":"https:\/\/wape-jets.boost.codes\/poradenstvi\/"},"modified":"2022-01-17T13:31:13","modified_gmt":"2022-01-17T13:31:13","slug":"poradenstvi","status":"publish","type":"page","link":"https:\/\/wape-jets.boost.codes\/cs\/poradenstvi\/","title":{"rendered":"Poradenstv\u00ed"},"content":{"rendered":"","protected":false},"excerpt":{"rendered":"","protected":false},"author":2,"featured_media":0,"parent":0,"menu_order":0,"comment_status":"closed","ping_status":"closed","template":"page-templates\/consulting.php","meta":{"footnotes":""},"class_list":["post-294","page","type-page","status-publish","hentry"],"yoast_head":"<!-- This site is optimized with the Yoast SEO plugin v18.1 - https:\/\/yoast.com\/wordpress\/plugins\/seo\/ -->\n<title>Poradenstv\u00ed - WAPE JETS<\/title>\n<meta name=\"description\" content=\"L\u00e9ta zku\u0161enost\u00ed v oblasti business aviation je jednou z v\u00fdhod, d\u00edky n\u00ed\u017e V\u00e1m na\u0161e spole\u010dnost pom\u016f\u017ee objevit v\u00fdhody pron\u00e1jmu \u010di vlastnictv\u00ed letadla: soukrom\u00ed, komfort, bezpe\u010dnost a samoz\u0159ejm\u011b flexibilitu.\" \/>\n<meta name=\"robots\" content=\"noindex, follow, max-snippet:-1, max-image-preview:large, max-video-preview:-1\" \/>\n<meta property=\"og:locale\" content=\"cs_CZ\" \/>\n<meta property=\"og:type\" content=\"article\" \/>\n<meta property=\"og:title\" content=\"Poradenstv\u00ed - WAPE JETS\" \/>\n<meta property=\"og:description\" content=\"L\u00e9ta zku\u0161enost\u00ed v oblasti business aviation je jednou z v\u00fdhod, d\u00edky n\u00ed\u017e V\u00e1m na\u0161e spole\u010dnost pom\u016f\u017ee objevit v\u00fdhody pron\u00e1jmu \u010di vlastnictv\u00ed letadla: soukrom\u00ed, komfort, bezpe\u010dnost a samoz\u0159ejm\u011b flexibilitu.\" \/>\n<meta property=\"og:url\" content=\"https:\/\/wape-jets.boost.codes\/cs\/poradenstvi\/\" \/>\n<meta property=\"og:site_name\" content=\"WAPE JETS\" \/>\n<meta property=\"article:modified_time\" content=\"2022-01-17T13:31:13+00:00\" \/>\n<meta name=\"twitter:card\" content=\"summary_large_image\" \/>\n<script type=\"application\/ld+json\" class=\"yoast-schema-graph\">{\"@context\":\"https:\/\/schema.org\",\"@graph\":[{\"@type\":\"Organization\",\"@id\":\"https:\/\/wape-jets.boost.codes\/#organization\",\"name\":\"WAPE JETS\",\"url\":\"https:\/\/wape-jets.boost.codes\/\",\"sameAs\":[],\"logo\":{\"@type\":\"ImageObject\",\"@id\":\"https:\/\/wape-jets.boost.codes\/#logo\",\"inLanguage\":\"cs\",\"url\":\"https:\/\/wape-jets.boost.codes\/wp-content\/uploads\/2022\/01\/wapejets_logo_web_2.jpg\",\"contentUrl\":\"https:\/\/wape-jets.boost.codes\/wp-content\/uploads\/2022\/01\/wapejets_logo_web_2.jpg\",\"width\":1500,\"height\":1000,\"caption\":\"WAPE JETS\"},\"image\":{\"@id\":\"https:\/\/wape-jets.boost.codes\/#logo\"}},{\"@type\":\"WebSite\",\"@id\":\"https:\/\/wape-jets.boost.codes\/#website\",\"url\":\"https:\/\/wape-jets.boost.codes\/\",\"name\":\"WAPE JETS\",\"description\":\"Welcome to the world, where aircraft waits for you.\",\"publisher\":{\"@id\":\"https:\/\/wape-jets.boost.codes\/#organization\"},\"potentialAction\":[{\"@type\":\"SearchAction\",\"target\":{\"@type\":\"EntryPoint\",\"urlTemplate\":\"https:\/\/wape-jets.boost.codes\/?s={search_term_string}\"},\"query-input\":\"required name=search_term_string\"}],\"inLanguage\":\"cs\"},{\"@type\":\"WebPage\",\"@id\":\"https:\/\/wape-jets.boost.codes\/cs\/poradenstvi\/#webpage\",\"url\":\"https:\/\/wape-jets.boost.codes\/cs\/poradenstvi\/\",\"name\":\"Poradenstv\u00ed - WAPE JETS\",\"isPartOf\":{\"@id\":\"https:\/\/wape-jets.boost.codes\/#website\"},\"datePublished\":\"2022-01-13T11:21:13+00:00\",\"dateModified\":\"2022-01-17T13:31:13+00:00\",\"description\":\"L\u00e9ta zku\u0161enost\u00ed v oblasti business aviation je jednou z v\u00fdhod, d\u00edky n\u00ed\u017e V\u00e1m na\u0161e spole\u010dnost pom\u016f\u017ee objevit v\u00fdhody pron\u00e1jmu \u010di vlastnictv\u00ed letadla: soukrom\u00ed, komfort, bezpe\u010dnost a samoz\u0159ejm\u011b flexibilitu.\",\"breadcrumb\":{\"@id\":\"https:\/\/wape-jets.boost.codes\/cs\/poradenstvi\/#breadcrumb\"},\"inLanguage\":\"cs\",\"potentialAction\":[{\"@type\":\"ReadAction\",\"target\":[\"https:\/\/wape-jets.boost.codes\/cs\/poradenstvi\/\"]}]},{\"@type\":\"BreadcrumbList\",\"@id\":\"https:\/\/wape-jets.boost.codes\/cs\/poradenstvi\/#breadcrumb\",\"itemListElement\":[{\"@type\":\"ListItem\",\"position\":1,\"name\":\"Home\",\"item\":\"https:\/\/wape-jets.boost.codes\/cs\/domu\/\"},{\"@type\":\"ListItem\",\"position\":2,\"name\":\"Poradenstv\u00ed\"}]}]}<\/script>\n<!-- \/ Yoast SEO plugin. -->","yoast_head_json":{"title":"Poradenstv\u00ed - WAPE JETS","description":"L\u00e9ta zku\u0161enost\u00ed v oblasti business aviation je jednou z v\u00fdhod, d\u00edky n\u00ed\u017e V\u00e1m na\u0161e spole\u010dnost pom\u016f\u017ee objevit v\u00fdhody pron\u00e1jmu \u010di vlastnictv\u00ed letadla: soukrom\u00ed, komfort, bezpe\u010dnost a samoz\u0159ejm\u011b flexibilitu.","robots":{"index":"noindex","follow":"follow","max-snippet":"max-snippet:-1","max-image-preview":"max-image-preview:large","max-video-preview":"max-video-preview:-1"},"og_locale":"cs_CZ","og_type":"article","og_title":"Poradenstv\u00ed - WAPE JETS","og_description":"L\u00e9ta zku\u0161enost\u00ed v oblasti business aviation je jednou z v\u00fdhod, d\u00edky n\u00ed\u017e V\u00e1m na\u0161e spole\u010dnost pom\u016f\u017ee objevit v\u00fdhody pron\u00e1jmu \u010di vlastnictv\u00ed letadla: soukrom\u00ed, komfort, bezpe\u010dnost a samoz\u0159ejm\u011b flexibilitu.","og_url":"https:\/\/wape-jets.boost.codes\/cs\/poradenstvi\/","og_site_name":"WAPE JETS","article_modified_time":"2022-01-17T13:31:13+00:00","twitter_card":"summary_large_image","schema":{"@context":"https:\/\/schema.org","@graph":[{"@type":"Organization","@id":"https:\/\/wape-jets.boost.codes\/#organization","name":"WAPE JETS","url":"https:\/\/wape-jets.boost.codes\/","sameAs":[],"logo":{"@type":"ImageObject","@id":"https:\/\/wape-jets.boost.codes\/#logo","inLanguage":"cs","url":"https:\/\/wape-jets.boost.codes\/wp-content\/uploads\/2022\/01\/wapejets_logo_web_2.jpg","contentUrl":"https:\/\/wape-jets.boost.codes\/wp-content\/uploads\/2022\/01\/wapejets_logo_web_2.jpg","width":1500,"height":1000,"caption":"WAPE JETS"},"image":{"@id":"https:\/\/wape-jets.boost.codes\/#logo"}},{"@type":"WebSite","@id":"https:\/\/wape-jets.boost.codes\/#website","url":"https:\/\/wape-jets.boost.codes\/","name":"WAPE JETS","description":"Welcome to the world, where aircraft waits for you.","publisher":{"@id":"https:\/\/wape-jets.boost.codes\/#organization"},"potentialAction":[{"@type":"SearchAction","target":{"@type":"EntryPoint","urlTemplate":"https:\/\/wape-jets.boost.codes\/?s={search_term_string}"},"query-input":"required name=search_term_string"}],"inLanguage":"cs"},{"@type":"WebPage","@id":"https:\/\/wape-jets.boost.codes\/cs\/poradenstvi\/#webpage","url":"https:\/\/wape-jets.boost.codes\/cs\/poradenstvi\/","name":"Poradenstv\u00ed - WAPE JETS","isPartOf":{"@id":"https:\/\/wape-jets.boost.codes\/#website"},"datePublished":"2022-01-13T11:21:13+00:00","dateModified":"2022-01-17T13:31:13+00:00","description":"L\u00e9ta zku\u0161enost\u00ed v oblasti business aviation je jednou z v\u00fdhod, d\u00edky n\u00ed\u017e V\u00e1m na\u0161e spole\u010dnost pom\u016f\u017ee objevit v\u00fdhody pron\u00e1jmu \u010di vlastnictv\u00ed letadla: soukrom\u00ed, komfort, bezpe\u010dnost a samoz\u0159ejm\u011b flexibilitu.","breadcrumb":{"@id":"https:\/\/wape-jets.boost.codes\/cs\/poradenstvi\/#breadcrumb"},"inLanguage":"cs","potentialAction":[{"@type":"ReadAction","target":["https:\/\/wape-jets.boost.codes\/cs\/poradenstvi\/"]}]},{"@type":"BreadcrumbList","@id":"https:\/\/wape-jets.boost.codes\/cs\/poradenstvi\/#breadcrumb","itemListElement":[{"@type":"ListItem","position":1,"name":"Home","item":"https:\/\/wape-jets.boost.codes\/cs\/domu\/"},{"@type":"ListItem","position":2,"name":"Poradenstv\u00ed"}]}]}},"_links":{"self":[{"href":"https:\/\/wape-jets.boost.codes\/cs\/wp-json\/wp\/v2\/pages\/294","targetHints":{"allow":["GET"]}}],"collection":[{"href":"https:\/\/wape-jets.boost.codes\/cs\/wp-json\/wp\/v2\/pages"}],"about":[{"href":"https:\/\/wape-jets.boost.codes\/cs\/wp-json\/wp\/v2\/types\/page"}],"author":[{"embeddable":true,"href":"https:\/\/wape-jets.boost.codes\/cs\/wp-json\/wp\/v2\/users\/2"}],"replies":[{"embeddable":true,"href":"https:\/\/wape-jets.boost.codes\/cs\/wp-json\/wp\/v2\/comments?post=294"}],"version-history":[{"count":1,"href":"https:\/\/wape-jets.boost.codes\/cs\/wp-json\/wp\/v2\/pages\/294\/revisions"}],"predecessor-version":[{"id":295,"href":"https:\/\/wape-jets.boost.codes\/cs\/wp-json\/wp\/v2\/pages\/294\/revisions\/295"}],"wp:attachment":[{"href":"https:\/\/wape-jets.boost.codes\/cs\/wp-json\/wp\/v2\/media?parent=294"}],"curies":[{"name":"wp","href":"https:\/\/api.w.org\/{rel}","templated":true}]}}