{"id":113,"date":"2021-11-11T10:27:42","date_gmt":"2021-11-11T09:27:42","guid":{"rendered":"http:\/\/lukas-macbook-pro.local\/wordpress\/wape-jets\/?page_id=113"},"modified":"2022-01-17T13:29:54","modified_gmt":"2022-01-17T13:29:54","slug":"prodej-letadel","status":"publish","type":"page","link":"https:\/\/wape-jets.boost.codes\/cs\/prodej-letadel\/","title":{"rendered":"Prodej letadel"},"content":{"rendered":"","protected":false},"excerpt":{"rendered":"","protected":false},"author":1,"featured_media":0,"parent":0,"menu_order":0,"comment_status":"closed","ping_status":"closed","template":"page-templates\/aircraft-sales.php","meta":{"footnotes":""},"class_list":["post-113","page","type-page","status-publish","hentry"],"yoast_head":"<!-- This site is optimized with the Yoast SEO plugin v18.1 - https:\/\/yoast.com\/wordpress\/plugins\/seo\/ -->\n<title>Prodej letadel - WAPE JETS<\/title>\n<meta name=\"description\" content=\"Zku\u0161en\u00fd t\u00fdm spole\u010dnosti WAPE JETS V\u00e1s provede slo\u017eit\u00fdm procesem n\u00e1kupu letadla. Po prvotn\u00edm v\u00fdb\u011bru letadla V\u00e1m pom\u016f\u017eeme s p\u0159\u00edpravou cenov\u00e9 nab\u00eddky a vyjedn\u00e1v\u00e1n\u00edm o podm\u00ednk\u00e1ch n\u00e1kupu.\" \/>\n<meta name=\"robots\" content=\"noindex, follow, max-snippet:-1, max-image-preview:large, max-video-preview:-1\" \/>\n<meta property=\"og:locale\" content=\"cs_CZ\" \/>\n<meta property=\"og:type\" content=\"article\" \/>\n<meta property=\"og:title\" content=\"Prodej letadel - WAPE JETS\" \/>\n<meta property=\"og:description\" content=\"Zku\u0161en\u00fd t\u00fdm spole\u010dnosti WAPE JETS V\u00e1s provede slo\u017eit\u00fdm procesem n\u00e1kupu letadla. Po prvotn\u00edm v\u00fdb\u011bru letadla V\u00e1m pom\u016f\u017eeme s p\u0159\u00edpravou cenov\u00e9 nab\u00eddky a vyjedn\u00e1v\u00e1n\u00edm o podm\u00ednk\u00e1ch n\u00e1kupu.\" \/>\n<meta property=\"og:url\" content=\"https:\/\/wape-jets.boost.codes\/cs\/prodej-letadel\/\" \/>\n<meta property=\"og:site_name\" content=\"WAPE JETS\" \/>\n<meta property=\"article:modified_time\" content=\"2022-01-17T13:29:54+00:00\" \/>\n<meta name=\"twitter:card\" content=\"summary_large_image\" \/>\n<script type=\"application\/ld+json\" class=\"yoast-schema-graph\">{\"@context\":\"https:\/\/schema.org\",\"@graph\":[{\"@type\":\"Organization\",\"@id\":\"https:\/\/wape-jets.boost.codes\/#organization\",\"name\":\"WAPE JETS\",\"url\":\"https:\/\/wape-jets.boost.codes\/\",\"sameAs\":[],\"logo\":{\"@type\":\"ImageObject\",\"@id\":\"https:\/\/wape-jets.boost.codes\/#logo\",\"inLanguage\":\"cs\",\"url\":\"https:\/\/wape-jets.boost.codes\/wp-content\/uploads\/2022\/01\/wapejets_logo_web_2.jpg\",\"contentUrl\":\"https:\/\/wape-jets.boost.codes\/wp-content\/uploads\/2022\/01\/wapejets_logo_web_2.jpg\",\"width\":1500,\"height\":1000,\"caption\":\"WAPE JETS\"},\"image\":{\"@id\":\"https:\/\/wape-jets.boost.codes\/#logo\"}},{\"@type\":\"WebSite\",\"@id\":\"https:\/\/wape-jets.boost.codes\/#website\",\"url\":\"https:\/\/wape-jets.boost.codes\/\",\"name\":\"WAPE JETS\",\"description\":\"Welcome to the world, where aircraft waits for you.\",\"publisher\":{\"@id\":\"https:\/\/wape-jets.boost.codes\/#organization\"},\"potentialAction\":[{\"@type\":\"SearchAction\",\"target\":{\"@type\":\"EntryPoint\",\"urlTemplate\":\"https:\/\/wape-jets.boost.codes\/?s={search_term_string}\"},\"query-input\":\"required name=search_term_string\"}],\"inLanguage\":\"cs\"},{\"@type\":\"WebPage\",\"@id\":\"https:\/\/wape-jets.boost.codes\/cs\/prodej-letadel\/#webpage\",\"url\":\"https:\/\/wape-jets.boost.codes\/cs\/prodej-letadel\/\",\"name\":\"Prodej letadel - WAPE JETS\",\"isPartOf\":{\"@id\":\"https:\/\/wape-jets.boost.codes\/#website\"},\"datePublished\":\"2021-11-11T09:27:42+00:00\",\"dateModified\":\"2022-01-17T13:29:54+00:00\",\"description\":\"Zku\u0161en\u00fd t\u00fdm spole\u010dnosti WAPE JETS V\u00e1s provede slo\u017eit\u00fdm procesem n\u00e1kupu letadla. Po prvotn\u00edm v\u00fdb\u011bru letadla V\u00e1m pom\u016f\u017eeme s p\u0159\u00edpravou cenov\u00e9 nab\u00eddky a vyjedn\u00e1v\u00e1n\u00edm o podm\u00ednk\u00e1ch n\u00e1kupu.\",\"breadcrumb\":{\"@id\":\"https:\/\/wape-jets.boost.codes\/cs\/prodej-letadel\/#breadcrumb\"},\"inLanguage\":\"cs\",\"potentialAction\":[{\"@type\":\"ReadAction\",\"target\":[\"https:\/\/wape-jets.boost.codes\/cs\/prodej-letadel\/\"]}]},{\"@type\":\"BreadcrumbList\",\"@id\":\"https:\/\/wape-jets.boost.codes\/cs\/prodej-letadel\/#breadcrumb\",\"itemListElement\":[{\"@type\":\"ListItem\",\"position\":1,\"name\":\"Home\",\"item\":\"https:\/\/wape-jets.boost.codes\/cs\/domu\/\"},{\"@type\":\"ListItem\",\"position\":2,\"name\":\"Prodej letadel\"}]}]}<\/script>\n<!-- \/ Yoast SEO plugin. -->","yoast_head_json":{"title":"Prodej letadel - WAPE JETS","description":"Zku\u0161en\u00fd t\u00fdm spole\u010dnosti WAPE JETS V\u00e1s provede slo\u017eit\u00fdm procesem n\u00e1kupu letadla. Po prvotn\u00edm v\u00fdb\u011bru letadla V\u00e1m pom\u016f\u017eeme s p\u0159\u00edpravou cenov\u00e9 nab\u00eddky a vyjedn\u00e1v\u00e1n\u00edm o podm\u00ednk\u00e1ch n\u00e1kupu.","robots":{"index":"noindex","follow":"follow","max-snippet":"max-snippet:-1","max-image-preview":"max-image-preview:large","max-video-preview":"max-video-preview:-1"},"og_locale":"cs_CZ","og_type":"article","og_title":"Prodej letadel - WAPE JETS","og_description":"Zku\u0161en\u00fd t\u00fdm spole\u010dnosti WAPE JETS V\u00e1s provede slo\u017eit\u00fdm procesem n\u00e1kupu letadla. Po prvotn\u00edm v\u00fdb\u011bru letadla V\u00e1m pom\u016f\u017eeme s p\u0159\u00edpravou cenov\u00e9 nab\u00eddky a vyjedn\u00e1v\u00e1n\u00edm o podm\u00ednk\u00e1ch n\u00e1kupu.","og_url":"https:\/\/wape-jets.boost.codes\/cs\/prodej-letadel\/","og_site_name":"WAPE JETS","article_modified_time":"2022-01-17T13:29:54+00:00","twitter_card":"summary_large_image","schema":{"@context":"https:\/\/schema.org","@graph":[{"@type":"Organization","@id":"https:\/\/wape-jets.boost.codes\/#organization","name":"WAPE JETS","url":"https:\/\/wape-jets.boost.codes\/","sameAs":[],"logo":{"@type":"ImageObject","@id":"https:\/\/wape-jets.boost.codes\/#logo","inLanguage":"cs","url":"https:\/\/wape-jets.boost.codes\/wp-content\/uploads\/2022\/01\/wapejets_logo_web_2.jpg","contentUrl":"https:\/\/wape-jets.boost.codes\/wp-content\/uploads\/2022\/01\/wapejets_logo_web_2.jpg","width":1500,"height":1000,"caption":"WAPE JETS"},"image":{"@id":"https:\/\/wape-jets.boost.codes\/#logo"}},{"@type":"WebSite","@id":"https:\/\/wape-jets.boost.codes\/#website","url":"https:\/\/wape-jets.boost.codes\/","name":"WAPE JETS","description":"Welcome to the world, where aircraft waits for you.","publisher":{"@id":"https:\/\/wape-jets.boost.codes\/#organization"},"potentialAction":[{"@type":"SearchAction","target":{"@type":"EntryPoint","urlTemplate":"https:\/\/wape-jets.boost.codes\/?s={search_term_string}"},"query-input":"required name=search_term_string"}],"inLanguage":"cs"},{"@type":"WebPage","@id":"https:\/\/wape-jets.boost.codes\/cs\/prodej-letadel\/#webpage","url":"https:\/\/wape-jets.boost.codes\/cs\/prodej-letadel\/","name":"Prodej letadel - WAPE JETS","isPartOf":{"@id":"https:\/\/wape-jets.boost.codes\/#website"},"datePublished":"2021-11-11T09:27:42+00:00","dateModified":"2022-01-17T13:29:54+00:00","description":"Zku\u0161en\u00fd t\u00fdm spole\u010dnosti WAPE JETS V\u00e1s provede slo\u017eit\u00fdm procesem n\u00e1kupu letadla. Po prvotn\u00edm v\u00fdb\u011bru letadla V\u00e1m pom\u016f\u017eeme s p\u0159\u00edpravou cenov\u00e9 nab\u00eddky a vyjedn\u00e1v\u00e1n\u00edm o podm\u00ednk\u00e1ch n\u00e1kupu.","breadcrumb":{"@id":"https:\/\/wape-jets.boost.codes\/cs\/prodej-letadel\/#breadcrumb"},"inLanguage":"cs","potentialAction":[{"@type":"ReadAction","target":["https:\/\/wape-jets.boost.codes\/cs\/prodej-letadel\/"]}]},{"@type":"BreadcrumbList","@id":"https:\/\/wape-jets.boost.codes\/cs\/prodej-letadel\/#breadcrumb","itemListElement":[{"@type":"ListItem","position":1,"name":"Home","item":"https:\/\/wape-jets.boost.codes\/cs\/domu\/"},{"@type":"ListItem","position":2,"name":"Prodej letadel"}]}]}},"_links":{"self":[{"href":"https:\/\/wape-jets.boost.codes\/cs\/wp-json\/wp\/v2\/pages\/113","targetHints":{"allow":["GET"]}}],"collection":[{"href":"https:\/\/wape-jets.boost.codes\/cs\/wp-json\/wp\/v2\/pages"}],"about":[{"href":"https:\/\/wape-jets.boost.codes\/cs\/wp-json\/wp\/v2\/types\/page"}],"author":[{"embeddable":true,"href":"https:\/\/wape-jets.boost.codes\/cs\/wp-json\/wp\/v2\/users\/1"}],"replies":[{"embeddable":true,"href":"https:\/\/wape-jets.boost.codes\/cs\/wp-json\/wp\/v2\/comments?post=113"}],"version-history":[{"count":1,"href":"https:\/\/wape-jets.boost.codes\/cs\/wp-json\/wp\/v2\/pages\/113\/revisions"}],"predecessor-version":[{"id":317,"href":"https:\/\/wape-jets.boost.codes\/cs\/wp-json\/wp\/v2\/pages\/113\/revisions\/317"}],"wp:attachment":[{"href":"https:\/\/wape-jets.boost.codes\/cs\/wp-json\/wp\/v2\/media?parent=113"}],"curies":[{"name":"wp","href":"https:\/\/api.w.org\/{rel}","templated":true}]}}